{"id":2514,"date":"2022-10-06T17:53:20","date_gmt":"2022-10-06T15:53:20","guid":{"rendered":"https:\/\/www.kempstramberk.cz.server.plusdesign.cz\/o-kempu-u-kateriny\/"},"modified":"2023-04-21T11:38:35","modified_gmt":"2023-04-21T09:38:35","slug":"o-kempu-u-kateriny","status":"publish","type":"page","link":"https:\/\/www.kempstramberk.cz\/pl\/o-kempu-u-kateriny\/","title":{"rendered":"O nas"},"content":{"rendered":"\t\t<div data-elementor-type=\"wp-page\" data-elementor-id=\"2514\" class=\"elementor elementor-2514 elementor-288\" data-elementor-post-type=\"page\">\n\t\t\t\t\t\t<section class=\"elementor-section elementor-top-section elementor-element elementor-element-d12b86b elementor-section-height-min-height elementor-section-boxed elementor-section-height-default elementor-section-items-middle\" data-id=\"d12b86b\" data-element_type=\"section\" data-settings=\"{&quot;background_background&quot;:&quot;classic&quot;}\">\n\t\t\t\t\t\t\t<div class=\"elementor-background-overlay\"><\/div>\n\t\t\t\t\t\t\t<div class=\"elementor-container elementor-column-gap-default\">\n\t\t\t\t\t<div class=\"elementor-column elementor-col-100 elementor-top-column elementor-element elementor-element-1cb2a0d\" data-id=\"1cb2a0d\" data-element_type=\"column\" data-settings=\"{&quot;background_background&quot;:&quot;slideshow&quot;,&quot;background_slideshow_gallery&quot;:[],&quot;background_slideshow_loop&quot;:&quot;yes&quot;,&quot;background_slideshow_slide_duration&quot;:5000,&quot;background_slideshow_slide_transition&quot;:&quot;fade&quot;,&quot;background_slideshow_transition_duration&quot;:500}\">\n\t\t\t<div class=\"elementor-widget-wrap elementor-element-populated\">\n\t\t\t\t\t\t<div class=\"elementor-element elementor-element-c263a91 elementor-widget elementor-widget-heading\" data-id=\"c263a91\" data-element_type=\"widget\" data-widget_type=\"heading.default\">\n\t\t\t\t<div class=\"elementor-widget-container\">\n\t\t\t\t\t<h1 class=\"elementor-heading-title elementor-size-default\">O Kempingu \u0160tramberk<\/h1>\t\t\t\t<\/div>\n\t\t\t\t<\/div>\n\t\t\t\t\t<\/div>\n\t\t<\/div>\n\t\t\t\t\t<\/div>\n\t\t<\/section>\n\t\t\t\t<section class=\"elementor-section elementor-top-section elementor-element elementor-element-964d452 elementor-section-boxed elementor-section-height-default elementor-section-height-default\" data-id=\"964d452\" data-element_type=\"section\" data-settings=\"{&quot;background_background&quot;:&quot;classic&quot;}\">\n\t\t\t\t\t\t<div class=\"elementor-container elementor-column-gap-default\">\n\t\t\t\t\t<div class=\"elementor-column elementor-col-100 elementor-top-column elementor-element elementor-element-559fc1d\" data-id=\"559fc1d\" data-element_type=\"column\" data-settings=\"{&quot;background_background&quot;:&quot;classic&quot;}\">\n\t\t\t<div class=\"elementor-widget-wrap elementor-element-populated\">\n\t\t\t\t\t\t<div class=\"elementor-element elementor-element-a48ffda elementor-widget elementor-widget-heading\" data-id=\"a48ffda\" data-element_type=\"widget\" data-widget_type=\"heading.default\">\n\t\t\t\t<div class=\"elementor-widget-container\">\n\t\t\t\t\t<div class=\"elementor-heading-title elementor-size-small\">Posiadamy du\u017ce do\u015bwiadczenie w prowadzeniu kempingu, kt\u00f3ry prowadzimy od 1992 roku. Mo\u017cesz zatrzyma\u0107 si\u0119 u nas w apartamentach, pokojach, domkach lub zatrzyma\u0107 swoj\u0105 przyczep\u0119 kempingow\u0105 na naszym stellplatzu. Dla naszych go\u015bci gotujemy we w\u0142asnej, nowoczesnej kuchni. Na kempingu \u0160tramberk przyroda jest na wyci\u0105gni\u0119cie r\u0119ki. Na pr\u00f3\u017cno b\u0119dziesz szuka\u0107 odg\u0142os\u00f3w cywilizacji, znajdujemy si\u0119 poza miastem. Niemniej jednak \u0142atwo do nas trafi\u0107 i nie jest daleko do miasta, kultury i do\u015bwiadcze\u0144. <\/div>\t\t\t\t<\/div>\n\t\t\t\t<\/div>\n\t\t\t\t\t<\/div>\n\t\t<\/div>\n\t\t\t\t\t<\/div>\n\t\t<\/section>\n\t\t\t\t<section class=\"elementor-section elementor-top-section elementor-element elementor-element-3bd2b25 elementor-section-boxed elementor-section-height-default elementor-section-height-default\" data-id=\"3bd2b25\" data-element_type=\"section\">\n\t\t\t\t\t\t<div class=\"elementor-container elementor-column-gap-default\">\n\t\t\t\t\t<div class=\"elementor-column elementor-col-50 elementor-top-column elementor-element elementor-element-b758c5a\" data-id=\"b758c5a\" data-element_type=\"column\" data-settings=\"{&quot;background_background&quot;:&quot;classic&quot;}\">\n\t\t\t<div class=\"elementor-widget-wrap elementor-element-populated\">\n\t\t\t\t\t\t<div class=\"elementor-element elementor-element-1c45a32 elementor-widget elementor-widget-heading\" data-id=\"1c45a32\" data-element_type=\"widget\" data-widget_type=\"heading.default\">\n\t\t\t\t<div class=\"elementor-widget-container\">\n\t\t\t\t\t<h2 class=\"elementor-heading-title elementor-size-default\">Obiekty kempingowe<\/h2>\t\t\t\t<\/div>\n\t\t\t\t<\/div>\n\t\t\t\t<div class=\"elementor-element elementor-element-cf20a6c elementor-widget elementor-widget-text-editor\" data-id=\"cf20a6c\" data-element_type=\"widget\" data-widget_type=\"text-editor.default\">\n\t\t\t\t<div class=\"elementor-widget-container\">\n\t\t\t\t\t\t\t\t\t<p>Teren rekreacyjny znajduje si\u0119 w \u015brodku pi\u0119knej przyrody Beskidu Morawsko-\u015al\u0105skiego<br \/>w bliskiej odleg\u0142o\u015bci od zabytkowego miasta \u0160tramberk.<\/p>\n<p>W ramach kompleksu go\u015bcie znajd\u0105 zakwaterowanie w nowo wybudowanych apartamentach, pokojach w budynku g\u0142\u00f3wnym, domkach letniskowych oraz na polu namiotowym, kt\u00f3re jako pierwsze w regionie morawsko-\u015bl\u0105skim posiada miejsca dla przyczep kempingowych.<\/p>\n<p>Dzi\u0119ki pojemno\u015bci 200 miejsc noclegowych i mo\u017cliwo\u015bciom sp\u0119dzania wolnego czasu, o\u015brodek nadaje si\u0119 na zorganizowane pobyty, imprezy dla szk\u00f3\u0142, spotkania rodzinne lub firmowe.<\/p>\n<p>Kemping jest otwarty przez ca\u0142y rok, w miesi\u0105cach lipiec i sierpie\u0144 oferta noclegowa (szczeg\u00f3lnie w domkach i pokojach) jest ograniczona przez trwaj\u0105ce obozy dla dzieci.<\/p>\n\t\t\t\t\t\t\t\t<\/div>\n\t\t\t\t<\/div>\n\t\t\t\t\t<\/div>\n\t\t<\/div>\n\t\t\t\t<div class=\"elementor-column elementor-col-50 elementor-top-column elementor-element elementor-element-2737a5e\" data-id=\"2737a5e\" data-element_type=\"column\" data-settings=\"{&quot;background_background&quot;:&quot;classic&quot;}\">\n\t\t\t<div class=\"elementor-widget-wrap elementor-element-populated\">\n\t\t\t\t\t\t<div class=\"elementor-element elementor-element-3808f79 elementor-widget elementor-widget-spacer\" data-id=\"3808f79\" data-element_type=\"widget\" data-widget_type=\"spacer.default\">\n\t\t\t\t<div class=\"elementor-widget-container\">\n\t\t\t\t\t\t\t<div class=\"elementor-spacer\">\n\t\t\t<div class=\"elementor-spacer-inner\"><\/div>\n\t\t<\/div>\n\t\t\t\t\t\t<\/div>\n\t\t\t\t<\/div>\n\t\t\t\t\t<\/div>\n\t\t<\/div>\n\t\t\t\t\t<\/div>\n\t\t<\/section>\n\t\t\t\t<section class=\"elementor-section elementor-top-section elementor-element elementor-element-6a7c45a elementor-reverse-tablet elementor-reverse-mobile elementor-section-boxed elementor-section-height-default elementor-section-height-default\" data-id=\"6a7c45a\" data-element_type=\"section\">\n\t\t\t\t\t\t<div class=\"elementor-container elementor-column-gap-default\">\n\t\t\t\t\t<div class=\"elementor-column elementor-col-50 elementor-top-column elementor-element elementor-element-3c00ceb\" data-id=\"3c00ceb\" data-element_type=\"column\" data-settings=\"{&quot;background_background&quot;:&quot;classic&quot;}\">\n\t\t\t<div class=\"elementor-widget-wrap elementor-element-populated\">\n\t\t\t\t\t\t<div class=\"elementor-element elementor-element-41953dc elementor-widget elementor-widget-spacer\" data-id=\"41953dc\" data-element_type=\"widget\" data-widget_type=\"spacer.default\">\n\t\t\t\t<div class=\"elementor-widget-container\">\n\t\t\t\t\t\t\t<div class=\"elementor-spacer\">\n\t\t\t<div class=\"elementor-spacer-inner\"><\/div>\n\t\t<\/div>\n\t\t\t\t\t\t<\/div>\n\t\t\t\t<\/div>\n\t\t\t\t\t<\/div>\n\t\t<\/div>\n\t\t\t\t<div class=\"elementor-column elementor-col-50 elementor-top-column elementor-element elementor-element-ee76718\" data-id=\"ee76718\" data-element_type=\"column\" data-settings=\"{&quot;background_background&quot;:&quot;classic&quot;}\">\n\t\t\t<div class=\"elementor-widget-wrap elementor-element-populated\">\n\t\t\t\t\t\t<div class=\"elementor-element elementor-element-e49306c elementor-widget elementor-widget-heading\" data-id=\"e49306c\" data-element_type=\"widget\" data-widget_type=\"heading.default\">\n\t\t\t\t<div class=\"elementor-widget-container\">\n\t\t\t\t\t<h2 class=\"elementor-heading-title elementor-size-default\">Indywidualne zakwaterowanie i&nbsp;przestrze\u0144 dla grup<\/h2>\t\t\t\t<\/div>\n\t\t\t\t<\/div>\n\t\t\t\t<div class=\"elementor-element elementor-element-0b15220 elementor-widget elementor-widget-text-editor\" data-id=\"0b15220\" data-element_type=\"widget\" data-widget_type=\"text-editor.default\">\n\t\t\t\t<div class=\"elementor-widget-container\">\n\t\t\t\t\t\t\t\t\t<p>Kemping \u0160tramberk oferuje wiele prywatno\u015bci dla zakwaterowania os\u00f3b indywidualnych, rodzin oraz ma\u0142ych i wi\u0119kszych grup zorganizowanych. <\/p>\n<p>Teren podzielony jest na kilka odr\u0119bnych stref, co zapewni Ci du\u017co przestrzeni i prywatno\u015bci. Strefa prywatna jest zarezerwowana dla przyczep kempingowych, kamper\u00f3w i camping\u00f3w. Nowo powsta\u0142e mieszkania s\u0105 budowane w oddzielnych budynkach, aby zapewni\u0107 du\u017co prywatno\u015bci. Teren z domkami jest oddzielony budynkiem g\u0142\u00f3wnym, gdzie mo\u017cna skorzysta\u0107 z nocleg\u00f3w w pokojach lub \u015bwietlicach, salach szkoleniowych itp.<\/p>\n\t\t\t\t\t\t\t\t<\/div>\n\t\t\t\t<\/div>\n\t\t\t\t\t<\/div>\n\t\t<\/div>\n\t\t\t\t\t<\/div>\n\t\t<\/section>\n\t\t\t\t<section class=\"elementor-section elementor-top-section elementor-element elementor-element-ce6b99f elementor-section-boxed elementor-section-height-default elementor-section-height-default\" data-id=\"ce6b99f\" data-element_type=\"section\">\n\t\t\t\t\t\t<div class=\"elementor-container elementor-column-gap-default\">\n\t\t\t\t\t<div class=\"elementor-column elementor-col-50 elementor-top-column elementor-element elementor-element-df63bca\" data-id=\"df63bca\" data-element_type=\"column\" data-settings=\"{&quot;background_background&quot;:&quot;classic&quot;}\">\n\t\t\t<div class=\"elementor-widget-wrap elementor-element-populated\">\n\t\t\t\t\t\t<div class=\"elementor-element elementor-element-e382b8f elementor-widget elementor-widget-heading\" data-id=\"e382b8f\" data-element_type=\"widget\" data-widget_type=\"heading.default\">\n\t\t\t\t<div class=\"elementor-widget-container\">\n\t\t\t\t\t<h2 class=\"elementor-heading-title elementor-size-default\">Zaj\u0119cia na kempingu i w jego pobli\u017cu<\/h2>\t\t\t\t<\/div>\n\t\t\t\t<\/div>\n\t\t\t\t<div class=\"elementor-element elementor-element-1bfa604 elementor-widget elementor-widget-text-editor\" data-id=\"1bfa604\" data-element_type=\"widget\" data-widget_type=\"text-editor.default\">\n\t\t\t\t<div class=\"elementor-widget-container\">\n\t\t\t\t\t\t\t\t\tKemping oferuje \u015bwietlice, miejsca do siedzenia na zewn\u0105trz z przek\u0105skami i sklepem, boisko wielofunkcyjne i do pi\u0142ki no\u017cnej, przestronn\u0105 \u0142\u0105k\u0119, miejsce na ognisko i grill.\n\nTeren jest idealnie po\u0142o\u017cony do pieszych wycieczek po okolicy, relaksuj\u0105cych spacer\u00f3w po spokojnych \u0142\u0105kach liboty\u0144skich lub aktywnego zwiedzania okolicznych miejscowo\u015bci.\t\t\t\t\t\t\t\t<\/div>\n\t\t\t\t<\/div>\n\t\t\t\t\t<\/div>\n\t\t<\/div>\n\t\t\t\t<div class=\"elementor-column elementor-col-50 elementor-top-column elementor-element elementor-element-446d96c\" data-id=\"446d96c\" data-element_type=\"column\" data-settings=\"{&quot;background_background&quot;:&quot;classic&quot;}\">\n\t\t\t<div class=\"elementor-widget-wrap elementor-element-populated\">\n\t\t\t\t\t\t<div class=\"elementor-element elementor-element-e6c485e elementor-widget elementor-widget-spacer\" data-id=\"e6c485e\" data-element_type=\"widget\" data-widget_type=\"spacer.default\">\n\t\t\t\t<div class=\"elementor-widget-container\">\n\t\t\t\t\t\t\t<div class=\"elementor-spacer\">\n\t\t\t<div class=\"elementor-spacer-inner\"><\/div>\n\t\t<\/div>\n\t\t\t\t\t\t<\/div>\n\t\t\t\t<\/div>\n\t\t\t\t\t<\/div>\n\t\t<\/div>\n\t\t\t\t\t<\/div>\n\t\t<\/section>\n\t\t\t\t<section class=\"elementor-section elementor-top-section elementor-element elementor-element-d1f2054 elementor-reverse-mobile elementor-section-boxed elementor-section-height-default elementor-section-height-default\" data-id=\"d1f2054\" data-element_type=\"section\">\n\t\t\t\t\t\t<div class=\"elementor-container elementor-column-gap-default\">\n\t\t\t\t\t<div class=\"elementor-column elementor-col-50 elementor-top-column elementor-element elementor-element-5d9f7de\" data-id=\"5d9f7de\" data-element_type=\"column\" data-settings=\"{&quot;background_background&quot;:&quot;classic&quot;}\">\n\t\t\t<div class=\"elementor-widget-wrap elementor-element-populated\">\n\t\t\t\t\t\t<div class=\"elementor-element elementor-element-10fc809 elementor-widget elementor-widget-spacer\" data-id=\"10fc809\" data-element_type=\"widget\" data-widget_type=\"spacer.default\">\n\t\t\t\t<div class=\"elementor-widget-container\">\n\t\t\t\t\t\t\t<div class=\"elementor-spacer\">\n\t\t\t<div class=\"elementor-spacer-inner\"><\/div>\n\t\t<\/div>\n\t\t\t\t\t\t<\/div>\n\t\t\t\t<\/div>\n\t\t\t\t\t<\/div>\n\t\t<\/div>\n\t\t\t\t<div class=\"elementor-column elementor-col-50 elementor-top-column elementor-element elementor-element-5d5193a\" data-id=\"5d5193a\" data-element_type=\"column\" data-settings=\"{&quot;background_background&quot;:&quot;classic&quot;}\">\n\t\t\t<div class=\"elementor-widget-wrap elementor-element-populated\">\n\t\t\t\t\t\t<div class=\"elementor-element elementor-element-fcd4e7f elementor-widget elementor-widget-heading\" data-id=\"fcd4e7f\" data-element_type=\"widget\" data-widget_type=\"heading.default\">\n\t\t\t\t<div class=\"elementor-widget-container\">\n\t\t\t\t\t<h2 class=\"elementor-heading-title elementor-size-default\">Program towarzysz\u0105cy dostosowany do&nbsp;potrzeb klienta<\/h2>\t\t\t\t<\/div>\n\t\t\t\t<\/div>\n\t\t\t\t<div class=\"elementor-element elementor-element-001df54 elementor-widget elementor-widget-text-editor\" data-id=\"001df54\" data-element_type=\"widget\" data-widget_type=\"text-editor.default\">\n\t\t\t\t<div class=\"elementor-widget-container\">\n\t\t\t\t\t\t\t\t\t<p>Ch\u0119tnie zorganizujemy we wsp\u00f3\u0142pracy z naszymi partnerami niezwyk\u0142y program towarzysz\u0105cy, wycieczki i do\u015bwiadczenia kulturalne dla go\u015bci i grup.<\/p>\n<p>Ch\u0119tnie wypo\u017cyczamy sprz\u0119t sportowy na kempingu.<\/p>\n\t\t\t\t\t\t\t\t<\/div>\n\t\t\t\t<\/div>\n\t\t\t\t\t<\/div>\n\t\t<\/div>\n\t\t\t\t\t<\/div>\n\t\t<\/section>\n\t\t\t\t<\/div>\n\t\t","protected":false},"excerpt":{"rendered":"<p>O Kempingu \u0160tramberk Posiadamy du\u017ce do\u015bwiadczenie w prowadzeniu kempingu, kt\u00f3ry prowadzimy od 1992 roku. Mo\u017cesz zatrzyma\u0107 si\u0119 u nas w apartamentach, pokojach, domkach lub zatrzyma\u0107 swoj\u0105 przyczep\u0119 kempingow\u0105 na naszym stellplatzu. Dla naszych go\u015bci gotujemy we w\u0142asnej, nowoczesnej kuchni. Na kempingu \u0160tramberk przyroda jest na wyci\u0105gni\u0119cie r\u0119ki. Na pr\u00f3\u017cno b\u0119dziesz szuka\u0107 odg\u0142os\u00f3w cywilizacji, znajdujemy si\u0119 [&hellip;]<\/p>\n","protected":false},"author":2,"featured_media":0,"parent":0,"menu_order":0,"comment_status":"closed","ping_status":"closed","template":"","meta":{"footnotes":""},"class_list":["post-2514","page","type-page","status-publish","hentry"],"_links":{"self":[{"href":"https:\/\/www.kempstramberk.cz\/pl\/wp-json\/wp\/v2\/pages\/2514","targetHints":{"allow":["GET"]}}],"collection":[{"href":"https:\/\/www.kempstramberk.cz\/pl\/wp-json\/wp\/v2\/pages"}],"about":[{"href":"https:\/\/www.kempstramberk.cz\/pl\/wp-json\/wp\/v2\/types\/page"}],"author":[{"embeddable":true,"href":"https:\/\/www.kempstramberk.cz\/pl\/wp-json\/wp\/v2\/users\/2"}],"replies":[{"embeddable":true,"href":"https:\/\/www.kempstramberk.cz\/pl\/wp-json\/wp\/v2\/comments?post=2514"}],"version-history":[{"count":0,"href":"https:\/\/www.kempstramberk.cz\/pl\/wp-json\/wp\/v2\/pages\/2514\/revisions"}],"wp:attachment":[{"href":"https:\/\/www.kempstramberk.cz\/pl\/wp-json\/wp\/v2\/media?parent=2514"}],"curies":[{"name":"wp","href":"https:\/\/api.w.org\/{rel}","templated":true}]}}