{"id":2470,"date":"2022-10-06T17:28:10","date_gmt":"2022-10-06T15:28:10","guid":{"rendered":"https:\/\/www.kempstramberk.cz.server.plusdesign.cz\/dla-turystow\/"},"modified":"2023-05-23T16:58:56","modified_gmt":"2023-05-23T14:58:56","slug":"dla-turystow","status":"publish","type":"page","link":"https:\/\/www.kempstramberk.cz\/pl\/dla-turystow\/","title":{"rendered":"Dla turyst\u00f3w"},"content":{"rendered":"\t\t<div data-elementor-type=\"wp-page\" data-elementor-id=\"2470\" class=\"elementor elementor-2470 elementor-264\" data-elementor-post-type=\"page\">\n\t\t\t\t\t\t<section class=\"elementor-section elementor-top-section elementor-element elementor-element-8e7db65 elementor-section-boxed elementor-section-height-default elementor-section-height-default\" data-id=\"8e7db65\" data-element_type=\"section\">\n\t\t\t\t\t\t<div class=\"elementor-container elementor-column-gap-default\">\n\t\t\t\t\t<div class=\"elementor-column elementor-col-100 elementor-top-column elementor-element elementor-element-20f65d9\" data-id=\"20f65d9\" data-element_type=\"column\" data-settings=\"{&quot;background_background&quot;:&quot;classic&quot;}\">\n\t\t\t<div class=\"elementor-widget-wrap elementor-element-populated\">\n\t\t\t\t\t\t<div class=\"elementor-element elementor-element-44913aa elementor-widget elementor-widget-heading\" data-id=\"44913aa\" data-element_type=\"widget\" data-widget_type=\"heading.default\">\n\t\t\t\t<div class=\"elementor-widget-container\">\n\t\t\t\t\t<h1 class=\"elementor-heading-title elementor-size-default\">Zakwaterowanie<\/h1>\t\t\t\t<\/div>\n\t\t\t\t<\/div>\n\t\t\t\t\t<\/div>\n\t\t<\/div>\n\t\t\t\t\t<\/div>\n\t\t<\/section>\n\t\t\t\t<section class=\"elementor-section elementor-top-section elementor-element elementor-element-dfec96a elementor-section-boxed elementor-section-height-default elementor-section-height-default\" data-id=\"dfec96a\" data-element_type=\"section\">\n\t\t\t\t\t\t<div class=\"elementor-container elementor-column-gap-default\">\n\t\t\t\t\t<div class=\"elementor-column elementor-col-100 elementor-top-column elementor-element elementor-element-ddb7d01\" data-id=\"ddb7d01\" data-element_type=\"column\">\n\t\t\t<div class=\"elementor-widget-wrap elementor-element-populated\">\n\t\t\t\t\t\t<div class=\"elementor-element elementor-element-ce42370 elementor-widget elementor-widget-text-editor\" data-id=\"ce42370\" data-element_type=\"widget\" data-widget_type=\"text-editor.default\">\n\t\t\t\t<div class=\"elementor-widget-container\">\n\t\t\t\t\t\t\t\t\t<p>W Camp \u0160tramberk dost\u0119pnych jest kilka rodzaj\u00f3w zakwaterowania dla indywidualnych i grupowych wycieczek i pobyt\u00f3w. <\/p>\n\t\t\t\t\t\t\t\t<\/div>\n\t\t\t\t<\/div>\n\t\t\t\t\t<\/div>\n\t\t<\/div>\n\t\t\t\t\t<\/div>\n\t\t<\/section>\n\t\t\t\t<section class=\"elementor-section elementor-top-section elementor-element elementor-element-52b5d27 elementor-section-boxed elementor-section-height-default elementor-section-height-default\" data-id=\"52b5d27\" data-element_type=\"section\">\n\t\t\t\t\t\t<div class=\"elementor-container elementor-column-gap-default\">\n\t\t\t\t\t<div class=\"elementor-column elementor-col-50 elementor-top-column elementor-element elementor-element-ad0dfb4\" data-id=\"ad0dfb4\" data-element_type=\"column\" data-settings=\"{&quot;background_background&quot;:&quot;classic&quot;}\">\n\t\t\t<div class=\"elementor-widget-wrap elementor-element-populated\">\n\t\t\t\t\t\t<div class=\"elementor-element elementor-element-bde849b elementor-widget elementor-widget-heading\" data-id=\"bde849b\" data-element_type=\"widget\" data-widget_type=\"heading.default\">\n\t\t\t\t<div class=\"elementor-widget-container\">\n\t\t\t\t\t<h2 class=\"elementor-heading-title elementor-size-default\"><a href=\"https:\/\/www.kempstramberk.cz\/pl\/dla-turystow\/apartamenty-prywatne\/\" target=\"_blank\">Apartamenty<\/a><\/h2>\t\t\t\t<\/div>\n\t\t\t\t<\/div>\n\t\t\t\t<div class=\"elementor-element elementor-element-b752b0b elementor-widget elementor-widget-image\" data-id=\"b752b0b\" data-element_type=\"widget\" data-widget_type=\"image.default\">\n\t\t\t\t<div class=\"elementor-widget-container\">\n\t\t\t\t\t\t\t\t\t\t\t\t\t\t\t\t<a href=\"https:\/\/www.kempstramberk.cz\/pl\/dla-turystow\/apartamenty-prywatne\/\" target=\"_blank\">\n\t\t\t\t\t\t\t<img fetchpriority=\"high\" decoding=\"async\" width=\"1800\" height=\"1351\" src=\"https:\/\/www.kempstramberk.cz\/wp-content\/uploads\/2023\/04\/kemp-stramberk-apartman-kopretina-9.jpg\" class=\"attachment-large size-large wp-image-6482\" alt=\"\" srcset=\"https:\/\/www.kempstramberk.cz\/wp-content\/uploads\/2023\/04\/kemp-stramberk-apartman-kopretina-9.jpg 1800w, https:\/\/www.kempstramberk.cz\/wp-content\/uploads\/2023\/04\/kemp-stramberk-apartman-kopretina-9-768x576.jpg 768w, https:\/\/www.kempstramberk.cz\/wp-content\/uploads\/2023\/04\/kemp-stramberk-apartman-kopretina-9-1536x1153.jpg 1536w\" sizes=\"(max-width: 1800px) 100vw, 1800px\" \/>\t\t\t\t\t\t\t\t<\/a>\n\t\t\t\t\t\t\t\t\t\t\t\t\t\t\t<\/div>\n\t\t\t\t<\/div>\n\t\t\t\t<div class=\"elementor-element elementor-element-df14722 elementor-align-right elementor-widget elementor-widget-button\" data-id=\"df14722\" data-element_type=\"widget\" data-widget_type=\"button.default\">\n\t\t\t\t<div class=\"elementor-widget-container\">\n\t\t\t\t\t\t\t\t\t<div class=\"elementor-button-wrapper\">\n\t\t\t\t\t<a class=\"elementor-button elementor-button-link elementor-size-xl\" href=\"https:\/\/www.kempstramberk.cz\/pl\/dla-turystow\/apartamenty-prywatne\/\" target=\"_blank\">\n\t\t\t\t\t\t<span class=\"elementor-button-content-wrapper\">\n\t\t\t\t\t\t<span class=\"elementor-button-icon\">\n\t\t\t\t<i aria-hidden=\"true\" class=\"fas fa-arrow-right\"><\/i>\t\t\t<\/span>\n\t\t\t\t\t\t\t\t\t<span class=\"elementor-button-text\">Przegl\u0105da\u0107 wi\u0119cej<\/span>\n\t\t\t\t\t<\/span>\n\t\t\t\t\t<\/a>\n\t\t\t\t<\/div>\n\t\t\t\t\t\t\t\t<\/div>\n\t\t\t\t<\/div>\n\t\t\t\t\t<\/div>\n\t\t<\/div>\n\t\t\t\t<div class=\"elementor-column elementor-col-50 elementor-top-column elementor-element elementor-element-90b82e2\" data-id=\"90b82e2\" data-element_type=\"column\" data-settings=\"{&quot;background_background&quot;:&quot;classic&quot;}\">\n\t\t\t<div class=\"elementor-widget-wrap elementor-element-populated\">\n\t\t\t\t\t\t<div class=\"elementor-element elementor-element-c0b69e6 elementor-widget elementor-widget-heading\" data-id=\"c0b69e6\" data-element_type=\"widget\" data-widget_type=\"heading.default\">\n\t\t\t\t<div class=\"elementor-widget-container\">\n\t\t\t\t\t<h2 class=\"elementor-heading-title elementor-size-default\"><a href=\"https:\/\/www.kempstramberk.cz\/pl\/dla-turystow\/kemping-i-stellplatz\/\" target=\"_blank\">Miejsca dla karawan\u00f3w<\/a><\/h2>\t\t\t\t<\/div>\n\t\t\t\t<\/div>\n\t\t\t\t<div class=\"elementor-element elementor-element-19ecbea elementor-widget elementor-widget-image\" data-id=\"19ecbea\" data-element_type=\"widget\" data-widget_type=\"image.default\">\n\t\t\t\t<div class=\"elementor-widget-container\">\n\t\t\t\t\t\t\t\t\t\t\t\t\t\t\t\t<a href=\"https:\/\/www.kempstramberk.cz\/pl\/dla-turystow\/kemping-i-stellplatz\/\" target=\"_blank\">\n\t\t\t\t\t\t\t<img decoding=\"async\" width=\"1500\" height=\"1126\" src=\"https:\/\/www.kempstramberk.cz\/wp-content\/uploads\/2023\/04\/kemp-stramberk-karavany-2.jpg\" class=\"attachment-large size-large wp-image-6690\" alt=\"\" srcset=\"https:\/\/www.kempstramberk.cz\/wp-content\/uploads\/2023\/04\/kemp-stramberk-karavany-2.jpg 1500w, https:\/\/www.kempstramberk.cz\/wp-content\/uploads\/2023\/04\/kemp-stramberk-karavany-2-768x577.jpg 768w\" sizes=\"(max-width: 1500px) 100vw, 1500px\" \/>\t\t\t\t\t\t\t\t<\/a>\n\t\t\t\t\t\t\t\t\t\t\t\t\t\t\t<\/div>\n\t\t\t\t<\/div>\n\t\t\t\t<div class=\"elementor-element elementor-element-e4ab7fa elementor-align-right elementor-widget elementor-widget-button\" data-id=\"e4ab7fa\" data-element_type=\"widget\" data-widget_type=\"button.default\">\n\t\t\t\t<div class=\"elementor-widget-container\">\n\t\t\t\t\t\t\t\t\t<div class=\"elementor-button-wrapper\">\n\t\t\t\t\t<a class=\"elementor-button elementor-button-link elementor-size-xl\" href=\"https:\/\/www.kempstramberk.cz\/pl\/dla-turystow\/kemping-i-stellplatz\/\" target=\"_blank\">\n\t\t\t\t\t\t<span class=\"elementor-button-content-wrapper\">\n\t\t\t\t\t\t<span class=\"elementor-button-icon\">\n\t\t\t\t<i aria-hidden=\"true\" class=\"fas fa-arrow-right\"><\/i>\t\t\t<\/span>\n\t\t\t\t\t\t\t\t\t<span class=\"elementor-button-text\">Przegl\u0105da\u0107 wi\u0119cej<\/span>\n\t\t\t\t\t<\/span>\n\t\t\t\t\t<\/a>\n\t\t\t\t<\/div>\n\t\t\t\t\t\t\t\t<\/div>\n\t\t\t\t<\/div>\n\t\t\t\t\t<\/div>\n\t\t<\/div>\n\t\t\t\t\t<\/div>\n\t\t<\/section>\n\t\t\t\t<section class=\"elementor-section elementor-top-section elementor-element elementor-element-81a3c2c elementor-section-boxed elementor-section-height-default elementor-section-height-default\" data-id=\"81a3c2c\" data-element_type=\"section\">\n\t\t\t\t\t\t<div class=\"elementor-container elementor-column-gap-default\">\n\t\t\t\t\t<div class=\"elementor-column elementor-col-50 elementor-top-column elementor-element elementor-element-cb16bdf\" data-id=\"cb16bdf\" data-element_type=\"column\" data-settings=\"{&quot;background_background&quot;:&quot;classic&quot;}\">\n\t\t\t<div class=\"elementor-widget-wrap elementor-element-populated\">\n\t\t\t\t\t\t<div class=\"elementor-element elementor-element-c8548d4 elementor-widget elementor-widget-heading\" data-id=\"c8548d4\" data-element_type=\"widget\" data-widget_type=\"heading.default\">\n\t\t\t\t<div class=\"elementor-widget-container\">\n\t\t\t\t\t<h2 class=\"elementor-heading-title elementor-size-default\"><a href=\"https:\/\/www.kempstramberk.cz\/pl\/dla-turystow\/zakwaterowanie-w-kabinach\/\" target=\"_blank\">Chaty<\/a><\/h2>\t\t\t\t<\/div>\n\t\t\t\t<\/div>\n\t\t\t\t<div class=\"elementor-element elementor-element-aa3d014 elementor-widget elementor-widget-image\" data-id=\"aa3d014\" data-element_type=\"widget\" data-widget_type=\"image.default\">\n\t\t\t\t<div class=\"elementor-widget-container\">\n\t\t\t\t\t\t\t\t\t\t\t\t\t\t\t\t<a href=\"https:\/\/www.kempstramberk.cz\/pl\/dla-turystow\/zakwaterowanie-w-kabinach\/\" target=\"_blank\">\n\t\t\t\t\t\t\t<img decoding=\"async\" width=\"1500\" height=\"1126\" src=\"https:\/\/www.kempstramberk.cz\/wp-content\/uploads\/2023\/04\/kemp-stramberk-chatky-2-1.jpg\" class=\"attachment-large size-large wp-image-6694\" alt=\"\" srcset=\"https:\/\/www.kempstramberk.cz\/wp-content\/uploads\/2023\/04\/kemp-stramberk-chatky-2-1.jpg 1500w, https:\/\/www.kempstramberk.cz\/wp-content\/uploads\/2023\/04\/kemp-stramberk-chatky-2-1-768x577.jpg 768w\" sizes=\"(max-width: 1500px) 100vw, 1500px\" \/>\t\t\t\t\t\t\t\t<\/a>\n\t\t\t\t\t\t\t\t\t\t\t\t\t\t\t<\/div>\n\t\t\t\t<\/div>\n\t\t\t\t<div class=\"elementor-element elementor-element-7469f0d elementor-align-right elementor-widget elementor-widget-button\" data-id=\"7469f0d\" data-element_type=\"widget\" data-widget_type=\"button.default\">\n\t\t\t\t<div class=\"elementor-widget-container\">\n\t\t\t\t\t\t\t\t\t<div class=\"elementor-button-wrapper\">\n\t\t\t\t\t<a class=\"elementor-button elementor-button-link elementor-size-xl\" href=\"https:\/\/www.kempstramberk.cz\/pl\/dla-turystow\/zakwaterowanie-w-kabinach\/\" target=\"_blank\">\n\t\t\t\t\t\t<span class=\"elementor-button-content-wrapper\">\n\t\t\t\t\t\t<span class=\"elementor-button-icon\">\n\t\t\t\t<i aria-hidden=\"true\" class=\"fas fa-arrow-right\"><\/i>\t\t\t<\/span>\n\t\t\t\t\t\t\t\t\t<span class=\"elementor-button-text\">Przegl\u0105da\u0107 wi\u0119cej<\/span>\n\t\t\t\t\t<\/span>\n\t\t\t\t\t<\/a>\n\t\t\t\t<\/div>\n\t\t\t\t\t\t\t\t<\/div>\n\t\t\t\t<\/div>\n\t\t\t\t\t<\/div>\n\t\t<\/div>\n\t\t\t\t<div class=\"elementor-column elementor-col-50 elementor-top-column elementor-element elementor-element-4715d09\" data-id=\"4715d09\" data-element_type=\"column\" data-settings=\"{&quot;background_background&quot;:&quot;classic&quot;}\">\n\t\t\t<div class=\"elementor-widget-wrap elementor-element-populated\">\n\t\t\t\t\t\t<div class=\"elementor-element elementor-element-19fa70c elementor-widget elementor-widget-heading\" data-id=\"19fa70c\" data-element_type=\"widget\" data-widget_type=\"heading.default\">\n\t\t\t\t<div class=\"elementor-widget-container\">\n\t\t\t\t\t<h2 class=\"elementor-heading-title elementor-size-default\"><a href=\"https:\/\/www.kempstramberk.cz\/pl\/dla-turystow\/zakwaterowanie-w-pokojach\/\" target=\"_blank\">Pokoje<\/a><\/h2>\t\t\t\t<\/div>\n\t\t\t\t<\/div>\n\t\t\t\t<div class=\"elementor-element elementor-element-9a7c13f elementor-widget elementor-widget-image\" data-id=\"9a7c13f\" data-element_type=\"widget\" data-widget_type=\"image.default\">\n\t\t\t\t<div class=\"elementor-widget-container\">\n\t\t\t\t\t\t\t\t\t\t\t\t\t\t\t\t<a href=\"https:\/\/www.kempstramberk.cz\/pl\/dla-turystow\/zakwaterowanie-w-pokojach\/\" target=\"_blank\">\n\t\t\t\t\t\t\t<img loading=\"lazy\" decoding=\"async\" width=\"1500\" height=\"1126\" src=\"https:\/\/www.kempstramberk.cz\/wp-content\/uploads\/2023\/04\/kemp-stramberk-ubytovani-v-chate-6.jpg\" class=\"attachment-large size-large wp-image-6554\" alt=\"\" srcset=\"https:\/\/www.kempstramberk.cz\/wp-content\/uploads\/2023\/04\/kemp-stramberk-ubytovani-v-chate-6.jpg 1500w, https:\/\/www.kempstramberk.cz\/wp-content\/uploads\/2023\/04\/kemp-stramberk-ubytovani-v-chate-6-768x577.jpg 768w\" sizes=\"(max-width: 1500px) 100vw, 1500px\" \/>\t\t\t\t\t\t\t\t<\/a>\n\t\t\t\t\t\t\t\t\t\t\t\t\t\t\t<\/div>\n\t\t\t\t<\/div>\n\t\t\t\t<div class=\"elementor-element elementor-element-5ffc3f6 elementor-align-right elementor-widget elementor-widget-button\" data-id=\"5ffc3f6\" data-element_type=\"widget\" data-widget_type=\"button.default\">\n\t\t\t\t<div class=\"elementor-widget-container\">\n\t\t\t\t\t\t\t\t\t<div class=\"elementor-button-wrapper\">\n\t\t\t\t\t<a class=\"elementor-button elementor-button-link elementor-size-xl\" href=\"https:\/\/www.kempstramberk.cz\/pl\/dla-turystow\/zakwaterowanie-w-pokojach\/\" target=\"_blank\">\n\t\t\t\t\t\t<span class=\"elementor-button-content-wrapper\">\n\t\t\t\t\t\t<span class=\"elementor-button-icon\">\n\t\t\t\t<i aria-hidden=\"true\" class=\"fas fa-arrow-right\"><\/i>\t\t\t<\/span>\n\t\t\t\t\t\t\t\t\t<span class=\"elementor-button-text\">Przegl\u0105da\u0107 wi\u0119cej<\/span>\n\t\t\t\t\t<\/span>\n\t\t\t\t\t<\/a>\n\t\t\t\t<\/div>\n\t\t\t\t\t\t\t\t<\/div>\n\t\t\t\t<\/div>\n\t\t\t\t\t<\/div>\n\t\t<\/div>\n\t\t\t\t\t<\/div>\n\t\t<\/section>\n\t\t\t\t<\/div>\n\t\t","protected":false},"excerpt":{"rendered":"<p>Zakwaterowanie W Camp \u0160tramberk dost\u0119pnych jest kilka rodzaj\u00f3w zakwaterowania dla indywidualnych i grupowych wycieczek i pobyt\u00f3w. Apartamenty Przegl\u0105da\u0107 wi\u0119cej Miejsca dla karawan\u00f3w Przegl\u0105da\u0107 wi\u0119cej Chaty Przegl\u0105da\u0107 wi\u0119cej Pokoje Przegl\u0105da\u0107 wi\u0119cej<\/p>\n","protected":false},"author":2,"featured_media":0,"parent":0,"menu_order":0,"comment_status":"closed","ping_status":"closed","template":"","meta":{"footnotes":""},"class_list":["post-2470","page","type-page","status-publish","hentry"],"_links":{"self":[{"href":"https:\/\/www.kempstramberk.cz\/pl\/wp-json\/wp\/v2\/pages\/2470","targetHints":{"allow":["GET"]}}],"collection":[{"href":"https:\/\/www.kempstramberk.cz\/pl\/wp-json\/wp\/v2\/pages"}],"about":[{"href":"https:\/\/www.kempstramberk.cz\/pl\/wp-json\/wp\/v2\/types\/page"}],"author":[{"embeddable":true,"href":"https:\/\/www.kempstramberk.cz\/pl\/wp-json\/wp\/v2\/users\/2"}],"replies":[{"embeddable":true,"href":"https:\/\/www.kempstramberk.cz\/pl\/wp-json\/wp\/v2\/comments?post=2470"}],"version-history":[{"count":0,"href":"https:\/\/www.kempstramberk.cz\/pl\/wp-json\/wp\/v2\/pages\/2470\/revisions"}],"wp:attachment":[{"href":"https:\/\/www.kempstramberk.cz\/pl\/wp-json\/wp\/v2\/media?parent=2470"}],"curies":[{"name":"wp","href":"https:\/\/api.w.org\/{rel}","templated":true}]}}