{"id":2451,"date":"2022-10-07T09:44:47","date_gmt":"2022-10-07T07:44:47","guid":{"rendered":"https:\/\/www.kempstramberk.cz.server.plusdesign.cz\/doswiadczenia\/"},"modified":"2023-05-25T08:23:45","modified_gmt":"2023-05-25T06:23:45","slug":"doswiadczenia","status":"publish","type":"page","link":"https:\/\/www.kempstramberk.cz\/pl\/doswiadczenia\/","title":{"rendered":"Do\u015bwiadczenia"},"content":{"rendered":"\t\t<div data-elementor-type=\"wp-page\" data-elementor-id=\"2451\" class=\"elementor elementor-2451 elementor-608\" data-elementor-post-type=\"page\">\n\t\t\t\t\t\t<section class=\"elementor-section elementor-top-section elementor-element elementor-element-babb8db elementor-section-height-min-height elementor-section-boxed elementor-section-height-default elementor-section-items-middle\" data-id=\"babb8db\" data-element_type=\"section\" data-settings=\"{&quot;background_background&quot;:&quot;classic&quot;}\">\n\t\t\t\t\t\t\t<div class=\"elementor-background-overlay\"><\/div>\n\t\t\t\t\t\t\t<div class=\"elementor-container elementor-column-gap-default\">\n\t\t\t\t\t<div class=\"elementor-column elementor-col-100 elementor-top-column elementor-element elementor-element-9a76257\" data-id=\"9a76257\" data-element_type=\"column\" data-settings=\"{&quot;background_background&quot;:&quot;slideshow&quot;,&quot;background_slideshow_gallery&quot;:[],&quot;background_slideshow_loop&quot;:&quot;yes&quot;,&quot;background_slideshow_slide_duration&quot;:5000,&quot;background_slideshow_slide_transition&quot;:&quot;fade&quot;,&quot;background_slideshow_transition_duration&quot;:500}\">\n\t\t\t<div class=\"elementor-widget-wrap elementor-element-populated\">\n\t\t\t\t\t\t<div class=\"elementor-element elementor-element-82ed504 elementor-widget elementor-widget-heading\" data-id=\"82ed504\" data-element_type=\"widget\" data-widget_type=\"heading.default\">\n\t\t\t\t<div class=\"elementor-widget-container\">\n\t\t\t\t\t<h1 class=\"elementor-heading-title elementor-size-default\">Do\u015bwiadczenia<\/h1>\t\t\t\t<\/div>\n\t\t\t\t<\/div>\n\t\t\t\t\t<\/div>\n\t\t<\/div>\n\t\t\t\t\t<\/div>\n\t\t<\/section>\n\t\t\t\t<section class=\"elementor-section elementor-top-section elementor-element elementor-element-f7f6ff9 elementor-section-boxed elementor-section-height-default elementor-section-height-default\" data-id=\"f7f6ff9\" data-element_type=\"section\" data-settings=\"{&quot;background_background&quot;:&quot;classic&quot;}\">\n\t\t\t\t\t\t<div class=\"elementor-container elementor-column-gap-default\">\n\t\t\t\t\t<div class=\"elementor-column elementor-col-100 elementor-top-column elementor-element elementor-element-f7e7a0e\" data-id=\"f7e7a0e\" data-element_type=\"column\" data-settings=\"{&quot;background_background&quot;:&quot;classic&quot;}\">\n\t\t\t<div class=\"elementor-widget-wrap elementor-element-populated\">\n\t\t\t\t\t\t<div class=\"elementor-element elementor-element-330f252 elementor-widget elementor-widget-heading\" data-id=\"330f252\" data-element_type=\"widget\" data-widget_type=\"heading.default\">\n\t\t\t\t<div class=\"elementor-widget-container\">\n\t\t\t\t\t<div class=\"elementor-heading-title elementor-size-default\">Poznaj z nami pi\u0119kno okolic obozu \u0160tramberk. Daj si\u0119 oczarowa\u0107 mnogo\u015bci pomnik\u00f3w przyrody i kultury, zabytk\u00f3w, muze\u00f3w i nietradycyjnych atrakcji, kt\u00f3re wzbogac\u0105 Twoje wakacje i pobyt na kempingu.<\/div>\t\t\t\t<\/div>\n\t\t\t\t<\/div>\n\t\t\t\t\t<\/div>\n\t\t<\/div>\n\t\t\t\t\t<\/div>\n\t\t<\/section>\n\t\t\t\t<section class=\"elementor-section elementor-top-section elementor-element elementor-element-9957594 elementor-section-boxed elementor-section-height-default elementor-section-height-default\" data-id=\"9957594\" data-element_type=\"section\" data-settings=\"{&quot;background_background&quot;:&quot;classic&quot;}\">\n\t\t\t\t\t\t<div class=\"elementor-container elementor-column-gap-default\">\n\t\t\t\t\t<div class=\"elementor-column elementor-col-100 elementor-top-column elementor-element elementor-element-077e687\" data-id=\"077e687\" data-element_type=\"column\" data-settings=\"{&quot;background_background&quot;:&quot;classic&quot;}\">\n\t\t\t<div class=\"elementor-widget-wrap elementor-element-populated\">\n\t\t\t\t\t\t<section class=\"elementor-section elementor-inner-section elementor-element elementor-element-5737d2b elementor-section-boxed elementor-section-height-default elementor-section-height-default\" data-id=\"5737d2b\" data-element_type=\"section\">\n\t\t\t\t\t\t<div class=\"elementor-container elementor-column-gap-default\">\n\t\t\t\t\t<div class=\"elementor-column elementor-col-33 elementor-inner-column elementor-element elementor-element-5f2637e\" data-id=\"5f2637e\" data-element_type=\"column\" data-settings=\"{&quot;background_background&quot;:&quot;classic&quot;}\">\n\t\t\t<div class=\"elementor-widget-wrap elementor-element-populated\">\n\t\t\t\t\t\t<div class=\"elementor-element elementor-element-36cdafc elementor-position-top elementor-widget elementor-widget-image-box\" data-id=\"36cdafc\" data-element_type=\"widget\" data-widget_type=\"image-box.default\">\n\t\t\t\t<div class=\"elementor-widget-container\">\n\t\t\t\t\t<div class=\"elementor-image-box-wrapper\"><figure class=\"elementor-image-box-img\"><a href=\"https:\/\/www.kempstramberk.cz\/pl\/doswiadczenia\/technoroute\/\" tabindex=\"-1\"><img fetchpriority=\"high\" decoding=\"async\" width=\"900\" height=\"600\" src=\"https:\/\/www.kempstramberk.cz\/wp-content\/uploads\/2022\/10\/20191005_u_hezounu_JZ_8684.jpeg\" class=\"elementor-animation-grow attachment-full size-full wp-image-2179\" alt=\"\" srcset=\"https:\/\/www.kempstramberk.cz\/wp-content\/uploads\/2022\/10\/20191005_u_hezounu_JZ_8684.jpeg 900w, https:\/\/www.kempstramberk.cz\/wp-content\/uploads\/2022\/10\/20191005_u_hezounu_JZ_8684-300x200.jpeg 300w, https:\/\/www.kempstramberk.cz\/wp-content\/uploads\/2022\/10\/20191005_u_hezounu_JZ_8684-768x512.jpeg 768w\" sizes=\"(max-width: 900px) 100vw, 900px\" \/><\/a><\/figure><div class=\"elementor-image-box-content\"><h2 class=\"elementor-image-box-title\"><a href=\"https:\/\/www.kempstramberk.cz\/pl\/doswiadczenia\/technoroute\/\">Technoroute<\/a><\/h2><p class=\"elementor-image-box-description\">Odkryjcie tajemnice skrzat\u00f3w, elf\u00f3w i czarnych kap\u0142an\u00f3w ze Sztramberka i upieczcie w\u0142asne \u201eucho\u201c podczas wizyty w technoroute \"\u0160tramberk za skarbami kowali, s\u0142odownik\u00f3w i cukiernik\u00f3w\".<\/p><\/div><\/div>\t\t\t\t<\/div>\n\t\t\t\t<\/div>\n\t\t\t\t\t<\/div>\n\t\t<\/div>\n\t\t\t\t<div class=\"elementor-column elementor-col-33 elementor-inner-column elementor-element elementor-element-421ec70\" data-id=\"421ec70\" data-element_type=\"column\" data-settings=\"{&quot;background_background&quot;:&quot;classic&quot;}\">\n\t\t\t<div class=\"elementor-widget-wrap elementor-element-populated\">\n\t\t\t\t\t\t<div class=\"elementor-element elementor-element-9308362 elementor-position-top elementor-widget elementor-widget-image-box\" data-id=\"9308362\" data-element_type=\"widget\" data-widget_type=\"image-box.default\">\n\t\t\t\t<div class=\"elementor-widget-container\">\n\t\t\t\t\t<div class=\"elementor-image-box-wrapper\"><figure class=\"elementor-image-box-img\"><a href=\"https:\/\/www.kempstramberk.cz\/pl\/doswiadczenia\/stramberk-spice\/\" tabindex=\"-1\"><img decoding=\"async\" width=\"1000\" height=\"662\" src=\"https:\/\/www.kempstramberk.cz\/wp-content\/uploads\/2023\/04\/kemp-stramberk-prohlidky-11.jpg\" class=\"elementor-animation-grow attachment-full size-full wp-image-6340\" alt=\"\" srcset=\"https:\/\/www.kempstramberk.cz\/wp-content\/uploads\/2023\/04\/kemp-stramberk-prohlidky-11.jpg 1000w, https:\/\/www.kempstramberk.cz\/wp-content\/uploads\/2023\/04\/kemp-stramberk-prohlidky-11-768x508.jpg 768w\" sizes=\"(max-width: 1000px) 100vw, 1000px\" \/><\/a><\/figure><div class=\"elementor-image-box-content\"><h2 class=\"elementor-image-box-title\"><a href=\"https:\/\/www.kempstramberk.cz\/pl\/doswiadczenia\/stramberk-spice\/\">\u0160tramberk Spice<\/a><\/h2><p class=\"elementor-image-box-description\">Poznajcie z przewodnikiem malowniczy \u0160tramberk i przyjed\u017acie do nas, aby odkry\u0107 jego urok. Skosztuj uszu, posmakuj piwa i wejd\u017a po wszystkich schodach na \u0160tramberk Tr\u00faba.<\/p><\/div><\/div>\t\t\t\t<\/div>\n\t\t\t\t<\/div>\n\t\t\t\t\t<\/div>\n\t\t<\/div>\n\t\t\t\t<div class=\"elementor-column elementor-col-33 elementor-inner-column elementor-element elementor-element-9422ffe\" data-id=\"9422ffe\" data-element_type=\"column\" data-settings=\"{&quot;background_background&quot;:&quot;classic&quot;}\">\n\t\t\t<div class=\"elementor-widget-wrap elementor-element-populated\">\n\t\t\t\t\t\t<div class=\"elementor-element elementor-element-a0a28b3 elementor-position-top elementor-widget elementor-widget-image-box\" data-id=\"a0a28b3\" data-element_type=\"widget\" data-widget_type=\"image-box.default\">\n\t\t\t\t<div class=\"elementor-widget-container\">\n\t\t\t\t\t<div class=\"elementor-image-box-wrapper\"><figure class=\"elementor-image-box-img\"><a href=\"https:\/\/www.kempstramberk.cz\/pl\/doswiadczenia\/co-zwiedzic-w-okolicy\/\" tabindex=\"-1\"><img decoding=\"async\" width=\"1200\" height=\"800\" src=\"https:\/\/www.kempstramberk.cz\/wp-content\/uploads\/2022\/11\/kemp-stramberk-koprivnice-muzeum-tatra-mnat.jpg\" class=\"elementor-animation-grow attachment-full size-full wp-image-2558\" alt=\"\" srcset=\"https:\/\/www.kempstramberk.cz\/wp-content\/uploads\/2022\/11\/kemp-stramberk-koprivnice-muzeum-tatra-mnat.jpg 1200w, https:\/\/www.kempstramberk.cz\/wp-content\/uploads\/2022\/11\/kemp-stramberk-koprivnice-muzeum-tatra-mnat-300x200.jpg 300w, https:\/\/www.kempstramberk.cz\/wp-content\/uploads\/2022\/11\/kemp-stramberk-koprivnice-muzeum-tatra-mnat-1024x683.jpg 1024w, https:\/\/www.kempstramberk.cz\/wp-content\/uploads\/2022\/11\/kemp-stramberk-koprivnice-muzeum-tatra-mnat-768x512.jpg 768w\" sizes=\"(max-width: 1200px) 100vw, 1200px\" \/><\/a><\/figure><div class=\"elementor-image-box-content\"><h2 class=\"elementor-image-box-title\"><a href=\"https:\/\/www.kempstramberk.cz\/pl\/doswiadczenia\/co-zwiedzic-w-okolicy\/\">Co zwiedzi\u0107 w okolicy<\/a><\/h2><p class=\"elementor-image-box-description\">Zapoznaj si\u0119 z naszymi wskaz\u00f3wkami na wycieczki po kempingu \u0160tramberk i nie przegap najpi\u0119kniejszych i najciekawszych rzeczy, kt\u00f3re ma do zaoferowania region pod Beskidami.<\/p><\/div><\/div>\t\t\t\t<\/div>\n\t\t\t\t<\/div>\n\t\t\t\t\t<\/div>\n\t\t<\/div>\n\t\t\t\t\t<\/div>\n\t\t<\/section>\n\t\t\t\t\t<\/div>\n\t\t<\/div>\n\t\t\t\t\t<\/div>\n\t\t<\/section>\n\t\t\t\t<\/div>\n\t\t","protected":false},"excerpt":{"rendered":"<p>Do\u015bwiadczenia Poznaj z nami pi\u0119kno okolic obozu \u0160tramberk. Daj si\u0119 oczarowa\u0107 mnogo\u015bci pomnik\u00f3w przyrody i kultury, zabytk\u00f3w, muze\u00f3w i nietradycyjnych atrakcji, kt\u00f3re wzbogac\u0105 Twoje wakacje i pobyt na kempingu. Technoroute Odkryjcie tajemnice skrzat\u00f3w, elf\u00f3w i czarnych kap\u0142an\u00f3w ze Sztramberka i upieczcie w\u0142asne \u201eucho\u201c podczas wizyty w technoroute &#8222;\u0160tramberk za skarbami kowali, s\u0142odownik\u00f3w i cukiernik\u00f3w&#8221;. \u0160tramberk [&hellip;]<\/p>\n","protected":false},"author":2,"featured_media":0,"parent":0,"menu_order":0,"comment_status":"closed","ping_status":"closed","template":"","meta":{"footnotes":""},"class_list":["post-2451","page","type-page","status-publish","hentry"],"_links":{"self":[{"href":"https:\/\/www.kempstramberk.cz\/pl\/wp-json\/wp\/v2\/pages\/2451","targetHints":{"allow":["GET"]}}],"collection":[{"href":"https:\/\/www.kempstramberk.cz\/pl\/wp-json\/wp\/v2\/pages"}],"about":[{"href":"https:\/\/www.kempstramberk.cz\/pl\/wp-json\/wp\/v2\/types\/page"}],"author":[{"embeddable":true,"href":"https:\/\/www.kempstramberk.cz\/pl\/wp-json\/wp\/v2\/users\/2"}],"replies":[{"embeddable":true,"href":"https:\/\/www.kempstramberk.cz\/pl\/wp-json\/wp\/v2\/comments?post=2451"}],"version-history":[{"count":0,"href":"https:\/\/www.kempstramberk.cz\/pl\/wp-json\/wp\/v2\/pages\/2451\/revisions"}],"wp:attachment":[{"href":"https:\/\/www.kempstramberk.cz\/pl\/wp-json\/wp\/v2\/media?parent=2451"}],"curies":[{"name":"wp","href":"https:\/\/api.w.org\/{rel}","templated":true}]}}